{"id":1353,"date":"2022-10-28T14:25:50","date_gmt":"2022-10-28T14:25:50","guid":{"rendered":"https:\/\/pharustech.io\/?page_id=1353"},"modified":"2024-10-21T13:47:20","modified_gmt":"2024-10-21T13:47:20","slug":"kandidater","status":"publish","type":"page","link":"https:\/\/pharustech.io\/en\/kandidater\/","title":{"rendered":"Kandidater"},"content":{"rendered":"<div data-elementor-type=\"wp-page\" data-elementor-id=\"1353\" class=\"elementor elementor-1353\">\n\t\t\t\t\t\t<div class=\"elementor-inner\">\n\t\t\t\t<div class=\"elementor-section-wrap\">\n\t\t\t\t\t\t\t\t\t<section data-dce-background-color=\"#F3F3FF\" class=\"elementor-section elementor-top-section elementor-element elementor-element-c988eda elementor-section-height-min-height elementor-hidden-desktop elementor-hidden-tablet elementor-section-boxed elementor-section-height-default elementor-section-items-middle\" data-id=\"c988eda\" data-element_type=\"section\" data-settings=\"{&quot;background_background&quot;:&quot;classic&quot;}\">\n\t\t\t\t\t\t<div class=\"elementor-container elementor-column-gap-default\">\n\t\t\t\t\t\t\t<div class=\"elementor-row\">\n\t\t\t\t\t<div class=\"elementor-column elementor-col-100 elementor-top-column elementor-element elementor-element-b62c5d1\" data-id=\"b62c5d1\" data-element_type=\"column\">\n\t\t\t<div class=\"elementor-column-wrap elementor-element-populated\">\n\t\t\t\t\t\t\t<div class=\"elementor-widget-wrap\">\n\t\t\t\t\t\t<div class=\"elementor-element elementor-element-ceb3a16 dce_masking-none elementor-widget elementor-widget-image\" data-id=\"ceb3a16\" data-element_type=\"widget\" data-widget_type=\"image.default\">\n\t\t\t\t<div class=\"elementor-widget-container\">\n\t\t\t\t\t\t\t\t<div class=\"elementor-image\">\n\t\t\t\t\t\t\t\t\t\t\t\t<img loading=\"lazy\" decoding=\"async\" width=\"800\" height=\"169\" src=\"https:\/\/pharustech.io\/wp-content\/uploads\/2023\/01\/Logo_Black-1024x216.png\" class=\"attachment-large size-large wp-image-7136\" alt=\"\" srcset=\"https:\/\/pharustech.io\/wp-content\/uploads\/2023\/01\/Logo_Black-1024x216.png 1024w, https:\/\/pharustech.io\/wp-content\/uploads\/2023\/01\/Logo_Black-300x63.png 300w, https:\/\/pharustech.io\/wp-content\/uploads\/2023\/01\/Logo_Black-768x162.png 768w, https:\/\/pharustech.io\/wp-content\/uploads\/2023\/01\/Logo_Black-1536x324.png 1536w, https:\/\/pharustech.io\/wp-content\/uploads\/2023\/01\/Logo_Black-18x4.png 18w, https:\/\/pharustech.io\/wp-content\/uploads\/2023\/01\/Logo_Black.png 1938w\" sizes=\"auto, (max-width: 800px) 100vw, 800px\" \/>\t\t\t\t\t\t\t\t\t\t\t\t\t\t<\/div>\n\t\t\t\t\t\t<\/div>\n\t\t\t\t<\/div>\n\t\t\t\t\t\t<\/div>\n\t\t\t\t\t<\/div>\n\t\t<\/div>\n\t\t\t\t\t\t\t\t<\/div>\n\t\t\t\t\t<\/div>\n\t\t<\/section>\n\t\t\t\t<section data-dce-background-color=\"#F3F3FF\" class=\"elementor-section elementor-top-section elementor-element elementor-element-d588d2c elementor-section-height-min-height elementor-section-boxed elementor-section-height-default elementor-section-items-middle\" data-id=\"d588d2c\" data-element_type=\"section\" data-settings=\"{&quot;background_background&quot;:&quot;classic&quot;}\">\n\t\t\t\t\t\t<div class=\"elementor-container elementor-column-gap-default\">\n\t\t\t\t\t\t\t<div class=\"elementor-row\">\n\t\t\t\t\t<div class=\"elementor-column elementor-col-100 elementor-top-column elementor-element elementor-element-d32c8f2\" data-id=\"d32c8f2\" data-element_type=\"column\">\n\t\t\t<div class=\"elementor-column-wrap elementor-element-populated\">\n\t\t\t\t\t\t\t<div class=\"elementor-widget-wrap\">\n\t\t\t\t\t\t<div class=\"elementor-element elementor-element-48a9309 dce_masking-none elementor-widget elementor-widget-image\" data-id=\"48a9309\" data-element_type=\"widget\" data-widget_type=\"image.default\">\n\t\t\t\t<div class=\"elementor-widget-container\">\n\t\t\t\t\t\t\t\t<div class=\"elementor-image\">\n\t\t\t\t\t\t\t\t\t\t\t\t<img decoding=\"async\" src=\"http:\/\/www.jobagent.se\/wp-content\/uploads\/2022\/08\/search-accounts-_-find-magnifier-account-user-profile-hiring-employment.png\" title=\"\" alt=\"\" loading=\"lazy\" \/>\t\t\t\t\t\t\t\t\t\t\t\t\t\t<\/div>\n\t\t\t\t\t\t<\/div>\n\t\t\t\t<\/div>\n\t\t\t\t<div data-dce-advanced-background-color=\"#B4B4EE2B\" class=\"elementor-element elementor-element-d2ee48b elementor-widget__width-auto elementor-widget elementor-widget-heading\" data-id=\"d2ee48b\" data-element_type=\"widget\" data-widget_type=\"heading.default\">\n\t\t\t\t<div class=\"elementor-widget-container\">\n\t\t\t<h2 class=\"elementor-heading-title elementor-size-default\">Hitta kandidater med Pharus Tech<\/h2>\t\t<\/div>\n\t\t\t\t<\/div>\n\t\t\t\t<div class=\"elementor-element elementor-element-cef17c4 elementor-widget elementor-widget-spacer\" data-id=\"cef17c4\" data-element_type=\"widget\" data-widget_type=\"spacer.default\">\n\t\t\t\t<div class=\"elementor-widget-container\">\n\t\t\t\t\t<div class=\"elementor-spacer\">\n\t\t\t<div class=\"elementor-spacer-inner\"><\/div>\n\t\t<\/div>\n\t\t\t\t<\/div>\n\t\t\t\t<\/div>\n\t\t\t\t<div class=\"elementor-element elementor-element-293f395 elementor-widget__width-auto elementor-widget elementor-widget-heading\" data-id=\"293f395\" data-element_type=\"widget\" data-widget_type=\"heading.default\">\n\t\t\t\t<div class=\"elementor-widget-container\">\n\t\t\t<h1 class=\"elementor-heading-title elementor-size-default\">L\u00e5t oss hitta din n\u00e4sta<\/h1>\t\t<\/div>\n\t\t\t\t<\/div>\n\t\t\t\t<div class=\"elementor-element elementor-element-ba2ec5f pp-heading-fill-gradient elementor-widget__width-auto elementor-widget elementor-widget-pp-fancy-heading\" data-id=\"ba2ec5f\" data-element_type=\"widget\" data-widget_type=\"pp-fancy-heading.default\">\n\t\t\t\t<div class=\"elementor-widget-container\">\n\t\t\t\t\t\t<h2 class=\"pp-fancy-heading\">\n\t\t\t\t\t\t\t\t<span class=\"pp-heading-text\">\n\t\t\t\t\ttoppkandidat!\t\t\t\t<\/span>\n\t\t\t\t\t\t\t<\/h2>\n\t\t\t\t\t<\/div>\n\t\t\t\t<\/div>\n\t\t\t\t<div class=\"elementor-element elementor-element-e2422c0 elementor-widget elementor-widget-heading\" data-id=\"e2422c0\" data-element_type=\"widget\" data-widget_type=\"heading.default\">\n\t\t\t\t<div class=\"elementor-widget-container\">\n\t\t\t<h2 class=\"elementor-heading-title elementor-size-default\">Ber\u00e4tta om tj\u00e4nsten som du ska rekrytera till, s\u00e5 ger vi dig intervjuf\u00e4rdiga kandidater som \u00e4r intresserade och redo att b\u00f6rja jobba. It's that simple!<\/h2>\t\t<\/div>\n\t\t\t\t<\/div>\n\t\t\t\t<div data-dce-background-color=\"#000038\" class=\"elementor-element elementor-element-2c2cadc elementor-align-center elementor-widget elementor-widget-button\" data-id=\"2c2cadc\" data-element_type=\"widget\" data-widget_type=\"button.default\">\n\t\t\t\t<div class=\"elementor-widget-container\">\n\t\t\t\t\t<div class=\"elementor-button-wrapper\">\n\t\t\t<a href=\"https:\/\/pharustech.io\/en\/kandidater\/sok\/\" class=\"elementor-button-link elementor-button elementor-size-sm\" role=\"button\">\n\t\t\t\t\t\t<span class=\"elementor-button-content-wrapper\">\n\t\t\t\t\t\t<span class=\"elementor-button-text\">Kom ig\u00e5ng<\/span>\n\t\t<\/span>\n\t\t\t\t\t<\/a>\n\t\t<\/div>\n\t\t\t\t<\/div>\n\t\t\t\t<\/div>\n\t\t\t\t<div class=\"elementor-element elementor-element-d1852e3 elementor-widget__width-auto elementor-fixed elementor-hidden-mobile dce_masking-none elementor-widget elementor-widget-image\" data-id=\"d1852e3\" data-element_type=\"widget\" data-settings=\"{&quot;_position&quot;:&quot;fixed&quot;}\" data-widget_type=\"image.default\">\n\t\t\t\t<div class=\"elementor-widget-container\">\n\t\t\t\t\t\t\t\t<div class=\"elementor-image\">\n\t\t\t\t\t\t\t\t\t\t\t\t<img loading=\"lazy\" decoding=\"async\" width=\"800\" height=\"169\" src=\"https:\/\/pharustech.io\/wp-content\/uploads\/2023\/01\/Logo_Black-1024x216.png\" class=\"attachment-large size-large wp-image-7136\" alt=\"\" srcset=\"https:\/\/pharustech.io\/wp-content\/uploads\/2023\/01\/Logo_Black-1024x216.png 1024w, https:\/\/pharustech.io\/wp-content\/uploads\/2023\/01\/Logo_Black-300x63.png 300w, https:\/\/pharustech.io\/wp-content\/uploads\/2023\/01\/Logo_Black-768x162.png 768w, https:\/\/pharustech.io\/wp-content\/uploads\/2023\/01\/Logo_Black-1536x324.png 1536w, https:\/\/pharustech.io\/wp-content\/uploads\/2023\/01\/Logo_Black-18x4.png 18w, https:\/\/pharustech.io\/wp-content\/uploads\/2023\/01\/Logo_Black.png 1938w\" sizes=\"auto, (max-width: 800px) 100vw, 800px\" \/>\t\t\t\t\t\t\t\t\t\t\t\t\t\t<\/div>\n\t\t\t\t\t\t<\/div>\n\t\t\t\t<\/div>\n\t\t\t\t\t\t<\/div>\n\t\t\t\t\t<\/div>\n\t\t<\/div>\n\t\t\t\t\t\t\t\t<\/div>\n\t\t\t\t\t<\/div>\n\t\t<\/section>\n\t\t\t\t\t\t\t\t\t<\/div>\n\t\t\t<\/div>\n\t\t\t\t\t<\/div>","protected":false},"excerpt":{"rendered":"<p>Hitta kandidater med Pharus Tech L\u00e5t oss hitta din n\u00e4sta toppkandidat! Ber\u00e4tta om tj\u00e4nsten som du ska rekrytera till, s\u00e5 ger vi dig intervjuf\u00e4rdiga kandidater som \u00e4r intresserade och redo att b\u00f6rja jobba. It&#8217;s that simple! Kom ig\u00e5ng<\/p>","protected":false},"author":1,"featured_media":0,"parent":0,"menu_order":0,"comment_status":"closed","ping_status":"closed","template":"elementor_canvas","meta":{"footnotes":"","_expiration-date-status":"","_expiration-date":0,"_expiration-date-type":"","_expiration-date-categories":[],"_expiration-date-options":[]},"class_list":["post-1353","page","type-page","status-publish","hentry"],"acf":[],"yoast_head":"<!-- This site is optimized with the Yoast SEO plugin v20.7 - https:\/\/yoast.com\/wordpress\/plugins\/seo\/ -->\n<title>Kandidater - Pharus Tech<\/title>\n<meta name=\"robots\" content=\"index, follow, max-snippet:-1, max-image-preview:large, max-video-preview:-1\" \/>\n<link rel=\"canonical\" href=\"https:\/\/pharustech.io\/en\/kandidater\/\" \/>\n<meta property=\"og:locale\" content=\"en_GB\" \/>\n<meta property=\"og:type\" content=\"article\" \/>\n<meta property=\"og:title\" content=\"Kandidater - Pharus Tech\" \/>\n<meta property=\"og:description\" content=\"Hitta kandidater med Pharus Tech L\u00e5t oss hitta din n\u00e4sta toppkandidat! Ber\u00e4tta om tj\u00e4nsten som du ska rekrytera till, s\u00e5 ger vi dig intervjuf\u00e4rdiga kandidater som \u00e4r intresserade och redo att b\u00f6rja jobba. It&#8217;s that simple! Kom ig\u00e5ng\" \/>\n<meta property=\"og:url\" content=\"https:\/\/pharustech.io\/en\/kandidater\/\" \/>\n<meta property=\"og:site_name\" content=\"Pharus Tech\" \/>\n<meta property=\"article:publisher\" content=\"https:\/\/www.facebook.com\/Jobagentab\" \/>\n<meta property=\"article:modified_time\" content=\"2024-10-21T13:47:20+00:00\" \/>\n<meta property=\"og:image\" content=\"https:\/\/pharustech.io\/wp-content\/uploads\/2023\/01\/Logo_Black-1024x216.png\" \/>\n<meta name=\"twitter:card\" content=\"summary_large_image\" \/>\n<meta name=\"twitter:label1\" content=\"Estimated reading time\" \/>\n\t<meta name=\"twitter:data1\" content=\"1 minute\" \/>\n<script type=\"application\/ld+json\" class=\"yoast-schema-graph\">{\"@context\":\"https:\/\/schema.org\",\"@graph\":[{\"@type\":\"WebPage\",\"@id\":\"https:\/\/pharustech.io\/kandidater\/\",\"url\":\"https:\/\/pharustech.io\/kandidater\/\",\"name\":\"Kandidater - Pharus Tech\",\"isPartOf\":{\"@id\":\"https:\/\/pharustech.io\/#website\"},\"datePublished\":\"2022-10-28T14:25:50+00:00\",\"dateModified\":\"2024-10-21T13:47:20+00:00\",\"breadcrumb\":{\"@id\":\"https:\/\/pharustech.io\/kandidater\/#breadcrumb\"},\"inLanguage\":\"en-GB\",\"potentialAction\":[{\"@type\":\"ReadAction\",\"target\":[\"https:\/\/pharustech.io\/kandidater\/\"]}]},{\"@type\":\"BreadcrumbList\",\"@id\":\"https:\/\/pharustech.io\/kandidater\/#breadcrumb\",\"itemListElement\":[{\"@type\":\"ListItem\",\"position\":1,\"name\":\"Hem\",\"item\":\"https:\/\/pharustech.io\/\"},{\"@type\":\"ListItem\",\"position\":2,\"name\":\"Kandidater\"}]},{\"@type\":\"WebSite\",\"@id\":\"https:\/\/pharustech.io\/#website\",\"url\":\"https:\/\/pharustech.io\/\",\"name\":\"Pharus Tech\",\"description\":\"Algorithmic guidance in the world of work\",\"publisher\":{\"@id\":\"https:\/\/pharustech.io\/#organization\"},\"potentialAction\":[{\"@type\":\"SearchAction\",\"target\":{\"@type\":\"EntryPoint\",\"urlTemplate\":\"https:\/\/pharustech.io\/?s={search_term_string}\"},\"query-input\":\"required name=search_term_string\"}],\"inLanguage\":\"en-GB\"},{\"@type\":\"Organization\",\"@id\":\"https:\/\/pharustech.io\/#organization\",\"name\":\"Pharus Tech\",\"url\":\"https:\/\/pharustech.io\/\",\"logo\":{\"@type\":\"ImageObject\",\"inLanguage\":\"en-GB\",\"@id\":\"https:\/\/pharustech.io\/#\/schema\/logo\/image\/\",\"url\":\"https:\/\/pharustech.io\/wp-content\/uploads\/2022\/10\/Rityta-24.png\",\"contentUrl\":\"https:\/\/pharustech.io\/wp-content\/uploads\/2022\/10\/Rityta-24.png\",\"width\":127,\"height\":36,\"caption\":\"Pharus Tech\"},\"image\":{\"@id\":\"https:\/\/pharustech.io\/#\/schema\/logo\/image\/\"},\"sameAs\":[\"https:\/\/www.facebook.com\/Jobagentab\",\"https:\/\/www.instagram.com\/jobagent.se\/\"]}]}<\/script>\n<!-- \/ Yoast SEO plugin. -->","yoast_head_json":{"title":"Kandidater - Pharus Tech","robots":{"index":"index","follow":"follow","max-snippet":"max-snippet:-1","max-image-preview":"max-image-preview:large","max-video-preview":"max-video-preview:-1"},"canonical":"https:\/\/pharustech.io\/en\/kandidater\/","og_locale":"en_GB","og_type":"article","og_title":"Kandidater - Pharus Tech","og_description":"Hitta kandidater med Pharus Tech L\u00e5t oss hitta din n\u00e4sta toppkandidat! Ber\u00e4tta om tj\u00e4nsten som du ska rekrytera till, s\u00e5 ger vi dig intervjuf\u00e4rdiga kandidater som \u00e4r intresserade och redo att b\u00f6rja jobba. It&#8217;s that simple! Kom ig\u00e5ng","og_url":"https:\/\/pharustech.io\/en\/kandidater\/","og_site_name":"Pharus Tech","article_publisher":"https:\/\/www.facebook.com\/Jobagentab","article_modified_time":"2024-10-21T13:47:20+00:00","og_image":[{"url":"https:\/\/pharustech.io\/wp-content\/uploads\/2023\/01\/Logo_Black-1024x216.png"}],"twitter_card":"summary_large_image","twitter_misc":{"Estimated reading time":"1 minute"},"schema":{"@context":"https:\/\/schema.org","@graph":[{"@type":"WebPage","@id":"https:\/\/pharustech.io\/kandidater\/","url":"https:\/\/pharustech.io\/kandidater\/","name":"Kandidater - Pharus Tech","isPartOf":{"@id":"https:\/\/pharustech.io\/#website"},"datePublished":"2022-10-28T14:25:50+00:00","dateModified":"2024-10-21T13:47:20+00:00","breadcrumb":{"@id":"https:\/\/pharustech.io\/kandidater\/#breadcrumb"},"inLanguage":"en-GB","potentialAction":[{"@type":"ReadAction","target":["https:\/\/pharustech.io\/kandidater\/"]}]},{"@type":"BreadcrumbList","@id":"https:\/\/pharustech.io\/kandidater\/#breadcrumb","itemListElement":[{"@type":"ListItem","position":1,"name":"Hem","item":"https:\/\/pharustech.io\/"},{"@type":"ListItem","position":2,"name":"Kandidater"}]},{"@type":"WebSite","@id":"https:\/\/pharustech.io\/#website","url":"https:\/\/pharustech.io\/","name":"Pharus Tech","description":"Algorithmic guidance in the world of work","publisher":{"@id":"https:\/\/pharustech.io\/#organization"},"potentialAction":[{"@type":"SearchAction","target":{"@type":"EntryPoint","urlTemplate":"https:\/\/pharustech.io\/?s={search_term_string}"},"query-input":"required name=search_term_string"}],"inLanguage":"en-GB"},{"@type":"Organization","@id":"https:\/\/pharustech.io\/#organization","name":"Pharus Tech","url":"https:\/\/pharustech.io\/","logo":{"@type":"ImageObject","inLanguage":"en-GB","@id":"https:\/\/pharustech.io\/#\/schema\/logo\/image\/","url":"https:\/\/pharustech.io\/wp-content\/uploads\/2022\/10\/Rityta-24.png","contentUrl":"https:\/\/pharustech.io\/wp-content\/uploads\/2022\/10\/Rityta-24.png","width":127,"height":36,"caption":"Pharus Tech"},"image":{"@id":"https:\/\/pharustech.io\/#\/schema\/logo\/image\/"},"sameAs":["https:\/\/www.facebook.com\/Jobagentab","https:\/\/www.instagram.com\/jobagent.se\/"]}]}},"_links":{"self":[{"href":"https:\/\/pharustech.io\/en\/wp-json\/wp\/v2\/pages\/1353","targetHints":{"allow":["GET"]}}],"collection":[{"href":"https:\/\/pharustech.io\/en\/wp-json\/wp\/v2\/pages"}],"about":[{"href":"https:\/\/pharustech.io\/en\/wp-json\/wp\/v2\/types\/page"}],"author":[{"embeddable":true,"href":"https:\/\/pharustech.io\/en\/wp-json\/wp\/v2\/users\/1"}],"replies":[{"embeddable":true,"href":"https:\/\/pharustech.io\/en\/wp-json\/wp\/v2\/comments?post=1353"}],"version-history":[{"count":18,"href":"https:\/\/pharustech.io\/en\/wp-json\/wp\/v2\/pages\/1353\/revisions"}],"predecessor-version":[{"id":7163,"href":"https:\/\/pharustech.io\/en\/wp-json\/wp\/v2\/pages\/1353\/revisions\/7163"}],"wp:attachment":[{"href":"https:\/\/pharustech.io\/en\/wp-json\/wp\/v2\/media?parent=1353"}],"curies":[{"name":"wp","href":"https:\/\/api.w.org\/{rel}","templated":true}]}}